{"id":69,"date":"2025-11-17T22:09:45","date_gmt":"2025-11-17T22:09:45","guid":{"rendered":"https:\/\/louve7.com.br\/?page_id=69"},"modified":"2025-11-17T22:09:46","modified_gmt":"2025-11-17T22:09:46","slug":"louvor-e-adoracao","status":"publish","type":"page","link":"https:\/\/louve7.com.br\/index.php\/louvor-e-adoracao\/","title":{"rendered":"Louvor e Adora\u00e7\u00e3o"},"content":{"rendered":"<p><!DOCTYPE html><br \/>\n<html lang=\"pt-BR\"><br \/>\n<head><br \/>\n    <meta charset=\"UTF-8\"><br \/>\n    <meta name=\"viewport\" content=\"width=device-width, initial-scale=1.0\"><br \/>\n    <title>P\u00e1gina de Vendas &#8211; Ebook + M\u00fasica MP3<\/title><br \/>\n    <!-- Inclui Tailwind CSS para estiliza\u00e7\u00e3o moderna e responsiva --><br \/>\n    <script src=\"https:\/\/cdn.tailwindcss.com\"><\/script><\/p>\n<style>\n        \/* Configura a fonte Inter como padr\u00e3o *\/\n        :root {\n            font-family: 'Inter', sans-serif;\n        }\n        \/* Estilos personalizados para o gradiente do CTA *\/\n        .cta-gradient {\n            background: linear-gradient(135deg, #10b981 0%, #059669 100%);\n            transition: all 0.3s ease;\n        }\n        .cta-gradient:hover {\n            box-shadow: 0 10px 20px -5px rgba(16, 185, 129, 0.5);\n            transform: translateY(-2px);\n        }\n    <\/style>\n<p><\/head><br \/>\n<body class=\"bg-gray-50 text-gray-800 antialiased\"><\/p>\n<p>    <!-- 1. SE\u00c7\u00c3O PRINCIPAL (HERO) --><\/p>\n<header class=\"bg-gray-900 py-16 sm:py-24\">\n<div class=\"max-w-7xl mx-auto px-4 sm:px-6 lg:px-8 flex flex-col lg:flex-row items-center justify-between gap-12\">\n<p>            <!-- Conte\u00fado de Texto --><\/p>\n<div class=\"lg:w-1\/2 text-center lg:text-left\">\n                <!-- T\u00edtulo Chamativo --><\/p>\n<h1 class=\"text-4xl sm:text-6xl font-extrabold text-white leading-tight mb-4\">\n                    Domine [T\u00f3pico Principal] com o <span class=\"text-teal-400\">Pacote Essencial<\/span><br \/>\n                <\/h1>\n<p>                <!-- Subt\u00edtulo \/ Proposta de Valor --><\/p>\n<p class=\"text-xl sm:text-2xl text-teal-200 mb-8 font-medium\">\n                    O Ebook &#8220;Guia R\u00e1pido&#8221; + a Trilha Sonora Exclusiva MP3 para mudar seu dia!\n                <\/p>\n<p>                <!-- Pre\u00e7o e CTA --><\/p>\n<div class=\"flex flex-col sm:flex-row gap-4 justify-center lg:justify-start items-center\">\n                    <span class=\"text-4xl font-bold text-white line-through opacity-70\">De R$ 197,00<\/span><br \/>\n                    <span class=\"text-5xl font-extrabold text-yellow-400\">Por Apenas R$ 49,90<\/span>\n                <\/div>\n<p>                <a href=\"#checkout\" id=\"cta-hero\" class=\"mt-8 inline-block cta-gradient text-white font-bold text-xl py-4 px-10 rounded-xl shadow-lg uppercase tracking-wider transition duration-300 ease-in-out transform hover:scale-105\"><br \/>\n                    QUERO MEU ACESSO AGORA!<br \/>\n                <\/a><\/p>\n<p class=\"text-sm text-gray-400 mt-3\">Download Imediato ap\u00f3s a compra.<\/p>\n<\/p><\/div>\n<p>            <!-- Mockup do Produto (Substitua por uma imagem real do seu produto) --><\/p>\n<div class=\"lg:w-1\/2 flex justify-center lg:justify-end\">\n                <!-- Placeholder para a imagem do Ebook e MP3 --><br \/>\n                <img decoding=\"async\" src=\"https:\/\/placehold.co\/600x400\/10b981\/ffffff?text=Mockup+do+Ebook+%26+Musica\" \n                     alt=\"Mockup digital do Ebook e do \u00c1lbum de M\u00fasica MP3\" \n                     class=\"w-full max-w-sm lg:max-w-md rounded-xl shadow-2xl transform hover:scale-105 transition duration-500\" \n                     onerror=\"this.onerror=null; this.src='https:\/\/placehold.co\/600x400\/10b981\/ffffff?text=Imagem+do+Produto';\"\n                \/>\n            <\/div>\n<\/p><\/div>\n<\/header>\n<p>    <!-- 2. SE\u00c7\u00c3O DE BENEF\u00cdCIOS (O QUE VOC\u00ca VAI APRENDER\/TER) --><\/p>\n<section class=\"py-16 sm:py-20 bg-white\">\n<div class=\"max-w-7xl mx-auto px-4 sm:px-6 lg:px-8\">\n<h2 class=\"text-3xl sm:text-4xl font-extrabold text-center mb-12\">\n                O Que Est\u00e1 Incluso no Seu Download Imediato?<br \/>\n            <\/h2>\n<div class=\"grid md:grid-cols-2 gap-10\">\n<p>                <!-- Bloco do EBOOK (PDF) --><\/p>\n<div class=\"bg-gray-100 p-8 rounded-xl shadow-lg border-t-4 border-teal-500\">\n<div class=\"flex items-center mb-4\">\n                        <!-- \u00cdcone de Ebook (Livro) --><br \/>\n                        <svg class=\"w-8 h-8 text-teal-600 mr-3\" fill=\"none\" stroke=\"currentColor\" viewBox=\"0 0 24 24\" xmlns=\"http:\/\/www.w3.org\/2000\/svg\"><path stroke-linecap=\"round\" stroke-linejoin=\"round\" stroke-width=\"2\" d=\"M12 6.253v13m0-13C10.832 5.477 9.246 5 7.5 5S4.168 5.477 3 6.253v13C4.168 18.477 5.754 18 7.5 18s3.332.477 4.5 1.253m0-13C13.168 5.477 14.754 5 16.5 5s3.332.477 4.5 1.253v13C19.832 18.477 18.246 18 16.5 18s-3.332.477-4.5 1.253\"><\/path><\/svg><\/p>\n<h3 class=\"text-2xl font-bold text-gray-900\">Ebook PDF: &#8220;Guia Completo de [Assunto]&#8221;<\/h3>\n<\/p><\/div>\n<p class=\"text-gray-600 mb-6\">\n                        Um guia pr\u00e1tico de 150 p\u00e1ginas para iniciantes e avan\u00e7ados. Voc\u00ea ter\u00e1 acesso a todas as estrat\u00e9gias e segredos de forma direta.\n                    <\/p>\n<ul class=\"space-y-3 text-gray-700\">\n<li class=\"flex items-start\">\n                            <span class=\"text-teal-500 mr-2 mt-1\">\u2713<\/span> Estrat\u00e9gia de 3 passos para resultados.\n                        <\/li>\n<li class=\"flex items-start\">\n                            <span class=\"text-teal-500 mr-2 mt-1\">\u2713<\/span> Cap\u00edtulo exclusivo sobre Erros Comuns.\n                        <\/li>\n<li class=\"flex items-start\">\n                            <span class=\"text-teal-500 mr-2 mt-1\">\u2713<\/span> Checklist imprim\u00edvel para acompanhamento.\n                        <\/li>\n<li class=\"flex items-start\">\n                            <span class=\"text-teal-500 mr-2 mt-1\">\u2713<\/span> Acesso vital\u00edcio e atualiza\u00e7\u00f5es gratuitas.\n                        <\/li>\n<\/ul><\/div>\n<p>                <!-- Bloco da M\u00daSICA (MP3) --><\/p>\n<div class=\"bg-gray-100 p-8 rounded-xl shadow-lg border-t-4 border-teal-500\">\n<div class=\"flex items-center mb-4\">\n                        <!-- \u00cdcone de M\u00fasica (Fones de Ouvido) --><br \/>\n                        <svg class=\"w-8 h-8 text-teal-600 mr-3\" fill=\"none\" stroke=\"currentColor\" viewBox=\"0 0 24 24\" xmlns=\"http:\/\/www.w3.org\/2000\/svg\"><path stroke-linecap=\"round\" stroke-linejoin=\"round\" stroke-width=\"2\" d=\"M15.536 8.464a5 5 0 010 7.072m2.828-9.9c2.51 2.51 2.51 6.586 0 9.096m-13.432-9.096c-2.51 2.51-2.51 6.586 0 9.096m-2.828-7.072a5 5 0 010 7.072m11.313-7.072A5 5 0 0118.9 12a5 5 0 01-1.018 3.018\"><\/path><\/svg><\/p>\n<h3 class=\"text-2xl font-bold text-gray-900\">M\u00fasica MP3 Exclusiva: &#8220;Trilha da Produtividade&#8221;<\/h3>\n<\/p><\/div>\n<p class=\"text-gray-600 mb-6\">\n                        Uma cole\u00e7\u00e3o de 5 faixas em alta qualidade (320kbps) para te ajudar a manter o foco e a motiva\u00e7\u00e3o enquanto voc\u00ea implementa o que aprendeu.\n                    <\/p>\n<ul class=\"space-y-3 text-gray-700\">\n<li class=\"flex items-start\">\n                            <span class=\"text-teal-500 mr-2 mt-1\">\u2713<\/span> 5 M\u00fasicas MP3 com \u00e1udio premium (sem direitos autorais).\n                        <\/li>\n<li class=\"flex items-start\">\n                            <span class=\"text-teal-500 mr-2 mt-1\">\u2713<\/span> M\u00fasicas de fundo perfeitas para o estudo ou trabalho.\n                        <\/li>\n<li class=\"flex items-start\">\n                            <span class=\"text-teal-500 mr-2 mt-1\">\u2713<\/span> G\u00eanero: Lo-Fi\/Ambiental (foco e relaxamento).\n                        <\/li>\n<li class=\"flex items-start\">\n                            <span class=\"text-teal-500 mr-2 mt-1\">\u2713<\/span> Download direto, sem necessidade de Spotify ou apps.\n                        <\/li>\n<\/ul><\/div>\n<\/p><\/div>\n<\/p><\/div>\n<\/section>\n<p>    <!-- 3. SE\u00c7\u00c3O DE PROVA SOCIAL (Testemunhos\/Garantia) --><\/p>\n<section class=\"py-16 sm:py-20 bg-gray-900\">\n<div class=\"max-w-7xl mx-auto px-4 sm:px-6 lg:px-8\">\n<h2 class=\"text-3xl font-extrabold text-center text-white mb-12\">\n                Veja o que nossos clientes est\u00e3o dizendo<br \/>\n            <\/h2>\n<div class=\"grid md:grid-cols-3 gap-8\">\n                <!-- Testemunho 1 --><\/p>\n<div class=\"bg-white p-6 rounded-xl shadow-xl border-b-4 border-yellow-500\">\n<p class=\"italic text-gray-600\">&#8220;O ebook \u00e9 direto ao ponto e a m\u00fasica \u00e9 incr\u00edvel. Finalmente consegui me concentrar nas minhas tarefas. Valeu cada centavo!&#8221;<\/p>\n<p class=\"mt-4 font-bold text-teal-600\">&#8211; Carla S., Produtora de Conte\u00fado<\/p>\n<\/p><\/div>\n<p>                <!-- Testemunho 2 --><\/p>\n<div class=\"bg-white p-6 rounded-xl shadow-xl border-b-4 border-yellow-500\">\n<p class=\"italic text-gray-600\">&#8220;Sempre tive dificuldade em come\u00e7ar. O Guia R\u00e1pido me deu a clareza que eu precisava. A trilha sonora \u00e9 um b\u00f4nus de ouro!&#8221;<\/p>\n<p class=\"mt-4 font-bold text-teal-600\">&#8211; Jo\u00e3o P., Estudante Universit\u00e1rio<\/p>\n<\/p><\/div>\n<p>                 <!-- Testemunho 3 --><\/p>\n<div class=\"bg-white p-6 rounded-xl shadow-xl border-b-4 border-yellow-500\">\n<p class=\"italic text-gray-600\">&#8220;Conte\u00fado de alt\u00edssima qualidade! Simples de ler e de aplicar. O download foi instant\u00e2neo, sem complica\u00e7\u00f5es.&#8221;<\/p>\n<p class=\"mt-4 font-bold text-teal-600\">&#8211; Ana L., Desenvolvedora<\/p>\n<\/p><\/div>\n<\/p><\/div>\n<p>            <!-- Garantia (Trust Element) --><\/p>\n<div class=\"mt-12 text-center bg-teal-800 p-6 rounded-xl shadow-lg\">\n<p class=\"text-xl font-bold text-white\">\n                    <span class=\"mr-2\">\ud83d\udd12<\/span> 7 Dias de Garantia Incondicional!\n                <\/p>\n<p class=\"text-teal-200 mt-2\">\n                    Se voc\u00ea n\u00e3o gostar do conte\u00fado, devolvemos 100% do seu dinheiro. Zero risco para voc\u00ea.\n                <\/p>\n<\/p><\/div>\n<\/p><\/div>\n<\/section>\n<p>    <!-- 4. SE\u00c7\u00c3O FINAL DE CHAMADA PARA A\u00c7\u00c3O (CTA) --><\/p>\n<section id=\"checkout\" class=\"py-16 sm:py-20 bg-gray-50\">\n<div class=\"max-w-xl mx-auto px-4 sm:px-6 lg:px-8 text-center\">\n<h2 class=\"text-3xl sm:text-4xl font-extrabold text-gray-900 mb-4\">\n                N\u00e3o Perca Tempo! Comece Sua Jornada Hoje.<br \/>\n            <\/h2>\n<p class=\"text-xl text-gray-600 mb-8\">\n                A oferta especial por tempo limitado termina em breve. Garanta o seu Pacote Essencial com 70% de desconto!\n            <\/p>\n<p>            <!-- Box de Pre\u00e7o Final --><\/p>\n<div class=\"bg-white p-8 rounded-2xl shadow-2xl border-4 border-teal-500 inline-block\">\n<p class=\"text-2xl text-gray-500 font-medium\">Seu Investimento Total:<\/p>\n<p class=\"text-6xl font-extrabold text-teal-600 my-2\">R$ 49,<span class=\"text-5xl\">90<\/span><\/p>\n<p class=\"text-lg text-gray-500 font-medium\">Pagamento \u00fanico e acesso vital\u00edcio.<\/p>\n<\/p><\/div>\n<p>            <!-- Bot\u00e3o CTA Final --><br \/>\n            <a href=\"[LINK_DO_CHECKOUT]\" class=\"mt-8 block cta-gradient text-white font-bold text-2xl py-5 px-10 rounded-xl shadow-lg uppercase tracking-wider transition duration-300 ease-in-out transform hover:scale-105 w-full\"><br \/>\n                COMPRAR E BAIXAR IMEDIATAMENTE<br \/>\n            <\/a><\/p>\n<p class=\"text-sm text-gray-500 mt-4\">Clique no bot\u00e3o acima para ser redirecionado(a) \u00e0 p\u00e1gina de pagamento seguro.<\/p>\n<\/p><\/div>\n<\/section>\n<p>    <!-- 5. FOOTER --><\/p>\n<footer class=\"bg-gray-800 py-8\">\n<div class=\"max-w-7xl mx-auto px-4 sm:px-6 lg:px-8 text-center\">\n<p class=\"text-gray-400 text-sm\">\n                &copy; 2025 [Seu Nome\/Nome da Empresa]. Todos os direitos reservados.\n            <\/p>\n<div class=\"mt-3 space-x-4 text-sm\">\n                <!-- Links obrigat\u00f3rios por lei e para credibilidade --><br \/>\n                <a href=\"[LINK_DE_POLITICA_DE_PRIVACIDADE]\" class=\"text-teal-300 hover:text-white transition duration-200\"><br \/>\n                    Pol\u00edtica de Privacidade<br \/>\n                <\/a><br \/>\n                <a href=\"[LINK_DE_TERMOS_DE_USO]\" class=\"text-teal-300 hover:text-white transition duration-200\"><br \/>\n                    Termos de Uso<br \/>\n                <\/a><br \/>\n                <a href=\"mailto:seuemail@exemplo.com\" class=\"text-teal-300 hover:text-white transition duration-200\"><br \/>\n                    Contato<br \/>\n                <\/a>\n            <\/div>\n<\/p><\/div>\n<\/footer>\n<p><\/body><br \/>\n<\/html><\/p>\n","protected":false},"excerpt":{"rendered":"<p>P\u00e1gina de Vendas &#8211; Ebook + M\u00fasica MP3 Domine [T\u00f3pico Principal] com o Pacote Essencial O Ebook &#8220;Guia R\u00e1pido&#8221; + a Trilha Sonora Exclusiva MP3 para mudar seu dia! De R$ 197,00 Por Apenas R$ 49,90 QUERO MEU ACESSO AGORA! Download Imediato ap\u00f3s a compra. O Que Est\u00e1 Incluso no Seu Download Imediato? Ebook PDF:&#8230;<\/p>\n","protected":false},"author":1,"featured_media":0,"parent":0,"menu_order":0,"comment_status":"closed","ping_status":"closed","template":"","meta":{"_kad_post_transparent":"","_kad_post_title":"","_kad_post_layout":"","_kad_post_sidebar_id":"","_kad_post_content_style":"","_kad_post_vertical_padding":"","_kad_post_feature":"","_kad_post_feature_position":"","_kad_post_header":false,"_kad_post_footer":false,"_kad_post_classname":"","footnotes":""},"class_list":["post-69","page","type-page","status-publish","hentry"],"yoast_head":"<!-- This site is optimized with the Yoast SEO plugin v26.3 - https:\/\/yoast.com\/wordpress\/plugins\/seo\/ -->\n<title>Louvor e Adora\u00e7\u00e3o - Louve 7 - Louvor e Adora\u00e7\u00e3o 7<\/title>\n<meta name=\"robots\" content=\"index, follow, max-snippet:-1, max-image-preview:large, max-video-preview:-1\" \/>\n<link rel=\"canonical\" href=\"https:\/\/louve7.com.br\/index.php\/louvor-e-adoracao\/\" \/>\n<meta property=\"og:locale\" content=\"pt_BR\" \/>\n<meta property=\"og:type\" content=\"article\" \/>\n<meta property=\"og:title\" content=\"Louvor e Adora\u00e7\u00e3o - Louve 7 - Louvor e Adora\u00e7\u00e3o 7\" \/>\n<meta property=\"og:description\" content=\"P\u00e1gina de Vendas &#8211; Ebook + M\u00fasica MP3 Domine [T\u00f3pico Principal] com o Pacote Essencial O Ebook &#8220;Guia R\u00e1pido&#8221; + a Trilha Sonora Exclusiva MP3 para mudar seu dia! De R$ 197,00 Por Apenas R$ 49,90 QUERO MEU ACESSO AGORA! Download Imediato ap\u00f3s a compra. O Que Est\u00e1 Incluso no Seu Download Imediato? Ebook PDF:...\" \/>\n<meta property=\"og:url\" content=\"https:\/\/louve7.com.br\/index.php\/louvor-e-adoracao\/\" \/>\n<meta property=\"og:site_name\" content=\"Louve 7 - Louvor e Adora\u00e7\u00e3o 7\" \/>\n<meta property=\"article:modified_time\" content=\"2025-11-17T22:09:46+00:00\" \/>\n<meta property=\"og:image\" content=\"https:\/\/placehold.co\/600x400\/10b981\/ffffff?text=Mockup+do+Ebook+%26+Musica\" \/>\n<meta name=\"twitter:card\" content=\"summary_large_image\" \/>\n<meta name=\"twitter:label1\" content=\"Est. tempo de leitura\" \/>\n\t<meta name=\"twitter:data1\" content=\"3 minutos\" \/>\n<script type=\"application\/ld+json\" class=\"yoast-schema-graph\">{\"@context\":\"https:\/\/schema.org\",\"@graph\":[{\"@type\":\"WebPage\",\"@id\":\"https:\/\/louve7.com.br\/index.php\/louvor-e-adoracao\/\",\"url\":\"https:\/\/louve7.com.br\/index.php\/louvor-e-adoracao\/\",\"name\":\"Louvor e Adora\u00e7\u00e3o - Louve 7 - Louvor e Adora\u00e7\u00e3o 7\",\"isPartOf\":{\"@id\":\"https:\/\/louve7.com.br\/#website\"},\"primaryImageOfPage\":{\"@id\":\"https:\/\/louve7.com.br\/index.php\/louvor-e-adoracao\/#primaryimage\"},\"image\":{\"@id\":\"https:\/\/louve7.com.br\/index.php\/louvor-e-adoracao\/#primaryimage\"},\"thumbnailUrl\":\"https:\/\/placehold.co\/600x400\/10b981\/ffffff?text=Mockup+do+Ebook+%26+Musica\",\"datePublished\":\"2025-11-17T22:09:45+00:00\",\"dateModified\":\"2025-11-17T22:09:46+00:00\",\"breadcrumb\":{\"@id\":\"https:\/\/louve7.com.br\/index.php\/louvor-e-adoracao\/#breadcrumb\"},\"inLanguage\":\"pt-BR\",\"potentialAction\":[{\"@type\":\"ReadAction\",\"target\":[\"https:\/\/louve7.com.br\/index.php\/louvor-e-adoracao\/\"]}]},{\"@type\":\"ImageObject\",\"inLanguage\":\"pt-BR\",\"@id\":\"https:\/\/louve7.com.br\/index.php\/louvor-e-adoracao\/#primaryimage\",\"url\":\"https:\/\/placehold.co\/600x400\/10b981\/ffffff?text=Mockup+do+Ebook+%26+Musica\",\"contentUrl\":\"https:\/\/placehold.co\/600x400\/10b981\/ffffff?text=Mockup+do+Ebook+%26+Musica\"},{\"@type\":\"BreadcrumbList\",\"@id\":\"https:\/\/louve7.com.br\/index.php\/louvor-e-adoracao\/#breadcrumb\",\"itemListElement\":[{\"@type\":\"ListItem\",\"position\":1,\"name\":\"In\u00edcio\",\"item\":\"https:\/\/louve7.com.br\/\"},{\"@type\":\"ListItem\",\"position\":2,\"name\":\"Louvor e Adora\u00e7\u00e3o\"}]},{\"@type\":\"WebSite\",\"@id\":\"https:\/\/louve7.com.br\/#website\",\"url\":\"https:\/\/louve7.com.br\/\",\"name\":\"Louve 7 - Louvor e Adora\u00e7\u00e3o 7\",\"description\":\"Ouvir e baixar m\u00fasicas evang\u00e9licas Gospel, \u00e1lbum de desenhos para colorir da b\u00edblia em pdf\",\"potentialAction\":[{\"@type\":\"SearchAction\",\"target\":{\"@type\":\"EntryPoint\",\"urlTemplate\":\"https:\/\/louve7.com.br\/?s={search_term_string}\"},\"query-input\":{\"@type\":\"PropertyValueSpecification\",\"valueRequired\":true,\"valueName\":\"search_term_string\"}}],\"inLanguage\":\"pt-BR\"}]}<\/script>\n<!-- \/ Yoast SEO plugin. -->","yoast_head_json":{"title":"Louvor e Adora\u00e7\u00e3o - Louve 7 - Louvor e Adora\u00e7\u00e3o 7","robots":{"index":"index","follow":"follow","max-snippet":"max-snippet:-1","max-image-preview":"max-image-preview:large","max-video-preview":"max-video-preview:-1"},"canonical":"https:\/\/louve7.com.br\/index.php\/louvor-e-adoracao\/","og_locale":"pt_BR","og_type":"article","og_title":"Louvor e Adora\u00e7\u00e3o - Louve 7 - Louvor e Adora\u00e7\u00e3o 7","og_description":"P\u00e1gina de Vendas &#8211; Ebook + M\u00fasica MP3 Domine [T\u00f3pico Principal] com o Pacote Essencial O Ebook &#8220;Guia R\u00e1pido&#8221; + a Trilha Sonora Exclusiva MP3 para mudar seu dia! De R$ 197,00 Por Apenas R$ 49,90 QUERO MEU ACESSO AGORA! Download Imediato ap\u00f3s a compra. O Que Est\u00e1 Incluso no Seu Download Imediato? Ebook PDF:...","og_url":"https:\/\/louve7.com.br\/index.php\/louvor-e-adoracao\/","og_site_name":"Louve 7 - Louvor e Adora\u00e7\u00e3o 7","article_modified_time":"2025-11-17T22:09:46+00:00","og_image":[{"url":"https:\/\/placehold.co\/600x400\/10b981\/ffffff?text=Mockup+do+Ebook+%26+Musica","type":"","width":"","height":""}],"twitter_card":"summary_large_image","twitter_misc":{"Est. tempo de leitura":"3 minutos"},"schema":{"@context":"https:\/\/schema.org","@graph":[{"@type":"WebPage","@id":"https:\/\/louve7.com.br\/index.php\/louvor-e-adoracao\/","url":"https:\/\/louve7.com.br\/index.php\/louvor-e-adoracao\/","name":"Louvor e Adora\u00e7\u00e3o - Louve 7 - Louvor e Adora\u00e7\u00e3o 7","isPartOf":{"@id":"https:\/\/louve7.com.br\/#website"},"primaryImageOfPage":{"@id":"https:\/\/louve7.com.br\/index.php\/louvor-e-adoracao\/#primaryimage"},"image":{"@id":"https:\/\/louve7.com.br\/index.php\/louvor-e-adoracao\/#primaryimage"},"thumbnailUrl":"https:\/\/placehold.co\/600x400\/10b981\/ffffff?text=Mockup+do+Ebook+%26+Musica","datePublished":"2025-11-17T22:09:45+00:00","dateModified":"2025-11-17T22:09:46+00:00","breadcrumb":{"@id":"https:\/\/louve7.com.br\/index.php\/louvor-e-adoracao\/#breadcrumb"},"inLanguage":"pt-BR","potentialAction":[{"@type":"ReadAction","target":["https:\/\/louve7.com.br\/index.php\/louvor-e-adoracao\/"]}]},{"@type":"ImageObject","inLanguage":"pt-BR","@id":"https:\/\/louve7.com.br\/index.php\/louvor-e-adoracao\/#primaryimage","url":"https:\/\/placehold.co\/600x400\/10b981\/ffffff?text=Mockup+do+Ebook+%26+Musica","contentUrl":"https:\/\/placehold.co\/600x400\/10b981\/ffffff?text=Mockup+do+Ebook+%26+Musica"},{"@type":"BreadcrumbList","@id":"https:\/\/louve7.com.br\/index.php\/louvor-e-adoracao\/#breadcrumb","itemListElement":[{"@type":"ListItem","position":1,"name":"In\u00edcio","item":"https:\/\/louve7.com.br\/"},{"@type":"ListItem","position":2,"name":"Louvor e Adora\u00e7\u00e3o"}]},{"@type":"WebSite","@id":"https:\/\/louve7.com.br\/#website","url":"https:\/\/louve7.com.br\/","name":"Louve 7 - Louvor e Adora\u00e7\u00e3o 7","description":"Ouvir e baixar m\u00fasicas evang\u00e9licas Gospel, \u00e1lbum de desenhos para colorir da b\u00edblia em pdf","potentialAction":[{"@type":"SearchAction","target":{"@type":"EntryPoint","urlTemplate":"https:\/\/louve7.com.br\/?s={search_term_string}"},"query-input":{"@type":"PropertyValueSpecification","valueRequired":true,"valueName":"search_term_string"}}],"inLanguage":"pt-BR"}]}},"_links":{"self":[{"href":"https:\/\/louve7.com.br\/index.php\/wp-json\/wp\/v2\/pages\/69","targetHints":{"allow":["GET"]}}],"collection":[{"href":"https:\/\/louve7.com.br\/index.php\/wp-json\/wp\/v2\/pages"}],"about":[{"href":"https:\/\/louve7.com.br\/index.php\/wp-json\/wp\/v2\/types\/page"}],"author":[{"embeddable":true,"href":"https:\/\/louve7.com.br\/index.php\/wp-json\/wp\/v2\/users\/1"}],"replies":[{"embeddable":true,"href":"https:\/\/louve7.com.br\/index.php\/wp-json\/wp\/v2\/comments?post=69"}],"version-history":[{"count":1,"href":"https:\/\/louve7.com.br\/index.php\/wp-json\/wp\/v2\/pages\/69\/revisions"}],"predecessor-version":[{"id":70,"href":"https:\/\/louve7.com.br\/index.php\/wp-json\/wp\/v2\/pages\/69\/revisions\/70"}],"wp:attachment":[{"href":"https:\/\/louve7.com.br\/index.php\/wp-json\/wp\/v2\/media?parent=69"}],"curies":[{"name":"wp","href":"https:\/\/api.w.org\/{rel}","templated":true}]}}